{"id":4,"date":"2018-11-27T09:16:54","date_gmt":"2018-11-27T09:16:54","guid":{"rendered":"https:\/\/contoseprosas.com.br\/?page_id=4"},"modified":"2024-12-21T11:24:34","modified_gmt":"2024-12-21T14:24:34","slug":"home","status":"publish","type":"page","link":"https:\/\/contoseprosas.com.br\/?page_id=4","title":{"rendered":"Home"},"content":{"rendered":"<p>Bem vindo ao Contos e Prosas, um espa\u00e7o dedicado ao livre pensamento, com cr\u00edticas cotidianas e reflex\u00f5es das mais diversas, passando por pol\u00edtica, religi\u00e3o, costumes, entre outros.<\/p>\n<p>Aqui falamos do que temos vontade de falar, sem tabus, sem moralismos, sem amarras de qualquer esp\u00e9cie. Parafraseando Nelson Rodrigues, aqui falamos da vida como ela \u00e9!<\/p>\n<h2>PUBLICA\u00c7\u00d5ES EM DESTAQUE<\/h2>\n<p><div class=\"pt-cv-wrapper\"><div class=\"pt-cv-view pt-cv-grid pt-cv-colsys\" id=\"pt-cv-view-a75e18ezmh\"><div data-id=\"pt-cv-page-1\" class=\"pt-cv-page\" data-cvc=\"2\"><div class=\"col-md-6 col-sm-6 col-xs-12 pt-cv-content-item pt-cv-1-col\" ><div class='pt-cv-ifield'><a href=\"https:\/\/contoseprosas.com.br\/?p=3673\" class=\"_self pt-cv-href-thumbnail pt-cv-thumb-default\" target=\"_self\" ><img loading=\"lazy\" decoding=\"async\" width=\"300\" height=\"215\" src=\"https:\/\/contoseprosas.com.br\/wp-content\/uploads\/2025\/11\/reflexoes-300x215.jpg\" class=\"pt-cv-thumbnail\" alt=\"\" srcset=\"https:\/\/contoseprosas.com.br\/wp-content\/uploads\/2025\/11\/reflexoes-300x215.jpg 300w, https:\/\/contoseprosas.com.br\/wp-content\/uploads\/2025\/11\/reflexoes-1024x733.jpg 1024w, https:\/\/contoseprosas.com.br\/wp-content\/uploads\/2025\/11\/reflexoes-768x550.jpg 768w, https:\/\/contoseprosas.com.br\/wp-content\/uploads\/2025\/11\/reflexoes.jpg 1280w\" sizes=\"auto, (max-width: 300px) 100vw, 300px\" \/><\/a>\n<h4 class=\"pt-cv-title\"><a href=\"https:\/\/contoseprosas.com.br\/?p=3673\" class=\"_self\" target=\"_self\" >Reflex\u00f5es da meia idade<\/a><\/h4>\n<div class=\"pt-cv-content\">Nascer, crescer, sonhar Sonhar em ser m\u00e9dico, astronauta, piloto, cientista, alquimista Mudar o mundo Revolucionar, contestar, conquistar Planejar, estudar, n\u00e3o ...<br \/><div class=\"pt-cv-rmwrap\"><a href=\"https:\/\/contoseprosas.com.br\/?p=3673\" class=\"_self pt-cv-readmore btn btn-success\" target=\"_self\">Leia Mais<\/a><\/div><\/div>\n<div class=\"pt-cv-meta-fields\"><span class=\"entry-date\"> <time datetime=\"2025-11-07T10:29:20-03:00\">7 de novembro de 2025<\/time><\/span><span> \/ <\/span><span class=\"terms\"> <a href='https:\/\/contoseprosas.com.br\/?tag=autoconhecimento' title='Autoconhecimento' class='pt-cv-tax-autoconhecimento'>Autoconhecimento<\/a>, <a href='https:\/\/contoseprosas.com.br\/?cat=3' title='Autoral' class='pt-cv-tax-autoral'>Autoral<\/a>, <a href='https:\/\/contoseprosas.com.br\/?tag=comportamento' title='Comportamento' class='pt-cv-tax-comportamento'>Comportamento<\/a>, <a href='https:\/\/contoseprosas.com.br\/?cat=44' title='Destaque' class='pt-cv-tax-destaque'>Destaque<\/a>, <a href='https:\/\/contoseprosas.com.br\/?tag=poesia' title='Poesia' class='pt-cv-tax-poesia'>Poesia<\/a>, <a href='https:\/\/contoseprosas.com.br\/?cat=43' title='Poesias' class='pt-cv-tax-poesias'>Poesias<\/a>, <a href='https:\/\/contoseprosas.com.br\/?tag=reflexoes' title='Reflex\u00f5es' class='pt-cv-tax-reflexoes'>Reflex\u00f5es<\/a>, <a href='https:\/\/contoseprosas.com.br\/?tag=vida' title='Vida' class='pt-cv-tax-vida'>Vida<\/a><\/span><\/div><\/div><\/div>\n<div class=\"col-md-6 col-sm-6 col-xs-12 pt-cv-content-item pt-cv-1-col\" ><div class='pt-cv-ifield'><a href=\"https:\/\/contoseprosas.com.br\/?p=3635\" class=\"_self pt-cv-href-thumbnail pt-cv-thumb-default\" target=\"_self\" ><img loading=\"lazy\" decoding=\"async\" width=\"300\" height=\"300\" src=\"https:\/\/contoseprosas.com.br\/wp-content\/uploads\/2024\/12\/dor-300x300.jpg\" class=\"pt-cv-thumbnail\" alt=\"\" srcset=\"https:\/\/contoseprosas.com.br\/wp-content\/uploads\/2024\/12\/dor-300x300.jpg 300w, https:\/\/contoseprosas.com.br\/wp-content\/uploads\/2024\/12\/dor-1024x1024.jpg 1024w, https:\/\/contoseprosas.com.br\/wp-content\/uploads\/2024\/12\/dor-150x150.jpg 150w, https:\/\/contoseprosas.com.br\/wp-content\/uploads\/2024\/12\/dor-768x768.jpg 768w, https:\/\/contoseprosas.com.br\/wp-content\/uploads\/2024\/12\/dor.jpg 1280w\" sizes=\"auto, (max-width: 300px) 100vw, 300px\" \/><\/a>\n<h4 class=\"pt-cv-title\"><a href=\"https:\/\/contoseprosas.com.br\/?p=3635\" class=\"_self\" target=\"_self\" >O dia a dia de um paciente com dor cr\u00f4nica<\/a><\/h4>\n<div class=\"pt-cv-content\">Nesse segundo texto, ainda sobre o assunto dor, vou comentar um pouco sobre como \u00e9 o dia a dia de ...<br \/><div class=\"pt-cv-rmwrap\"><a href=\"https:\/\/contoseprosas.com.br\/?p=3635\" class=\"_self pt-cv-readmore btn btn-success\" target=\"_self\">Leia Mais<\/a><\/div><\/div>\n<div class=\"pt-cv-meta-fields\"><span class=\"entry-date\"> <time datetime=\"2024-12-28T13:05:59-03:00\">28 de dezembro de 2024<\/time><\/span><span> \/ <\/span><span class=\"terms\"> <a href='https:\/\/contoseprosas.com.br\/?cat=3' title='Autoral' class='pt-cv-tax-autoral'>Autoral<\/a>, <a href='https:\/\/contoseprosas.com.br\/?tag=cotidiano' title='Cotidiano' class='pt-cv-tax-cotidiano'>Cotidiano<\/a>, <a href='https:\/\/contoseprosas.com.br\/?cat=7' title='Cr\u00f4nicas' class='pt-cv-tax-cronicas'>Cr\u00f4nicas<\/a>, <a href='https:\/\/contoseprosas.com.br\/?tag=cronicas' title='Cr\u00f4nicas' class='pt-cv-tax-cronicas'>Cr\u00f4nicas<\/a>, <a href='https:\/\/contoseprosas.com.br\/?cat=44' title='Destaque' class='pt-cv-tax-destaque'>Destaque<\/a>, <a href='https:\/\/contoseprosas.com.br\/?tag=vida' title='Vida' class='pt-cv-tax-vida'>Vida<\/a><\/span><\/div><\/div><\/div>\n<div class=\"col-md-6 col-sm-6 col-xs-12 pt-cv-content-item pt-cv-1-col\" ><div class='pt-cv-ifield'><a href=\"https:\/\/contoseprosas.com.br\/?p=3621\" class=\"_self pt-cv-href-thumbnail pt-cv-thumb-default\" target=\"_self\" ><img loading=\"lazy\" decoding=\"async\" width=\"300\" height=\"300\" src=\"https:\/\/contoseprosas.com.br\/wp-content\/uploads\/2024\/12\/dor-300x300.jpg\" class=\"pt-cv-thumbnail\" alt=\"\" srcset=\"https:\/\/contoseprosas.com.br\/wp-content\/uploads\/2024\/12\/dor-300x300.jpg 300w, https:\/\/contoseprosas.com.br\/wp-content\/uploads\/2024\/12\/dor-1024x1024.jpg 1024w, https:\/\/contoseprosas.com.br\/wp-content\/uploads\/2024\/12\/dor-150x150.jpg 150w, https:\/\/contoseprosas.com.br\/wp-content\/uploads\/2024\/12\/dor-768x768.jpg 768w, https:\/\/contoseprosas.com.br\/wp-content\/uploads\/2024\/12\/dor.jpg 1280w\" sizes=\"auto, (max-width: 300px) 100vw, 300px\" \/><\/a>\n<h4 class=\"pt-cv-title\"><a href=\"https:\/\/contoseprosas.com.br\/?p=3621\" class=\"_self\" target=\"_self\" >Vivendo com dor cr\u00f4nica<\/a><\/h4>\n<div class=\"pt-cv-content\">Como faz muito tempo que n\u00e3o escrevo e escrever para mim \u00e9 uma terapia, resolvi come\u00e7ar a abordar um tema ...<br \/><div class=\"pt-cv-rmwrap\"><a href=\"https:\/\/contoseprosas.com.br\/?p=3621\" class=\"_self pt-cv-readmore btn btn-success\" target=\"_self\">Leia Mais<\/a><\/div><\/div>\n<div class=\"pt-cv-meta-fields\"><span class=\"entry-date\"> <time datetime=\"2024-12-21T11:29:48-03:00\">21 de dezembro de 2024<\/time><\/span><span> \/ <\/span><span class=\"terms\"> <a href='https:\/\/contoseprosas.com.br\/?cat=3' title='Autoral' class='pt-cv-tax-autoral'>Autoral<\/a>, <a href='https:\/\/contoseprosas.com.br\/?tag=comportamento' title='Comportamento' class='pt-cv-tax-comportamento'>Comportamento<\/a>, <a href='https:\/\/contoseprosas.com.br\/?tag=cotidiano' title='Cotidiano' class='pt-cv-tax-cotidiano'>Cotidiano<\/a>, <a href='https:\/\/contoseprosas.com.br\/?cat=7' title='Cr\u00f4nicas' class='pt-cv-tax-cronicas'>Cr\u00f4nicas<\/a>, <a href='https:\/\/contoseprosas.com.br\/?cat=44' title='Destaque' class='pt-cv-tax-destaque'>Destaque<\/a>, <a href='https:\/\/contoseprosas.com.br\/?tag=reflexoes' title='Reflex\u00f5es' class='pt-cv-tax-reflexoes'>Reflex\u00f5es<\/a><\/span><\/div><\/div><\/div>\n<div class=\"col-md-6 col-sm-6 col-xs-12 pt-cv-content-item pt-cv-1-col\" ><div class='pt-cv-ifield'><a href=\"https:\/\/contoseprosas.com.br\/?p=3599\" class=\"_self pt-cv-href-thumbnail pt-cv-thumb-default\" target=\"_self\" ><img loading=\"lazy\" decoding=\"async\" width=\"300\" height=\"251\" src=\"https:\/\/contoseprosas.com.br\/wp-content\/uploads\/2024\/09\/Beethoven-300x251.jpg\" class=\"pt-cv-thumbnail\" alt=\"\" srcset=\"https:\/\/contoseprosas.com.br\/wp-content\/uploads\/2024\/09\/Beethoven-300x251.jpg 300w, https:\/\/contoseprosas.com.br\/wp-content\/uploads\/2024\/09\/Beethoven-1024x856.jpg 1024w, https:\/\/contoseprosas.com.br\/wp-content\/uploads\/2024\/09\/Beethoven-768x642.jpg 768w, https:\/\/contoseprosas.com.br\/wp-content\/uploads\/2024\/09\/Beethoven-1536x1284.jpg 1536w, https:\/\/contoseprosas.com.br\/wp-content\/uploads\/2024\/09\/Beethoven-2048x1712.jpg 2048w\" sizes=\"auto, (max-width: 300px) 100vw, 300px\" \/><\/a>\n<h4 class=\"pt-cv-title\"><a href=\"https:\/\/contoseprosas.com.br\/?p=3599\" class=\"_self\" target=\"_self\" >Despedida dif\u00edcil<\/a><\/h4>\n<div class=\"pt-cv-content\">Hoje faz um ano que voc\u00ea partiu. Hoje, depois de um ano, estou tentando escrever alguma coisa sobre voc\u00ea, pois ...<br \/><div class=\"pt-cv-rmwrap\"><a href=\"https:\/\/contoseprosas.com.br\/?p=3599\" class=\"_self pt-cv-readmore btn btn-success\" target=\"_self\">Leia Mais<\/a><\/div><\/div>\n<div class=\"pt-cv-meta-fields\"><span class=\"entry-date\"> <time datetime=\"2024-09-26T17:43:08-03:00\">26 de setembro de 2024<\/time><\/span><span> \/ <\/span><span class=\"terms\"> <a href='https:\/\/contoseprosas.com.br\/?cat=3' title='Autoral' class='pt-cv-tax-autoral'>Autoral<\/a>, <a href='https:\/\/contoseprosas.com.br\/?cat=7' title='Cr\u00f4nicas' class='pt-cv-tax-cronicas'>Cr\u00f4nicas<\/a>, <a href='https:\/\/contoseprosas.com.br\/?cat=44' title='Destaque' class='pt-cv-tax-destaque'>Destaque<\/a>, <a href='https:\/\/contoseprosas.com.br\/?tag=luto' title='Luto' class='pt-cv-tax-luto'>Luto<\/a><\/span><\/div><\/div><\/div>\n<div class=\"col-md-6 col-sm-6 col-xs-12 pt-cv-content-item pt-cv-1-col\" ><div class='pt-cv-ifield'><a href=\"https:\/\/contoseprosas.com.br\/?p=3587\" class=\"_self pt-cv-href-thumbnail pt-cv-thumb-default\" target=\"_self\" ><img loading=\"lazy\" decoding=\"async\" width=\"260\" height=\"300\" src=\"https:\/\/contoseprosas.com.br\/wp-content\/uploads\/2023\/07\/01-260x300.png\" class=\"pt-cv-thumbnail\" alt=\"\" srcset=\"https:\/\/contoseprosas.com.br\/wp-content\/uploads\/2023\/07\/01-260x300.png 260w, https:\/\/contoseprosas.com.br\/wp-content\/uploads\/2023\/07\/01-886x1024.png 886w, https:\/\/contoseprosas.com.br\/wp-content\/uploads\/2023\/07\/01-768x887.png 768w, https:\/\/contoseprosas.com.br\/wp-content\/uploads\/2023\/07\/01.png 1108w\" sizes=\"auto, (max-width: 260px) 100vw, 260px\" \/><\/a>\n<h4 class=\"pt-cv-title\"><a href=\"https:\/\/contoseprosas.com.br\/?p=3587\" class=\"_self\" target=\"_self\" >Mundo Insano<\/a><\/h4>\n<div class=\"pt-cv-content\">O mundo ensandeceu e eu posso provar!Tenho a constante sensa\u00e7\u00e3o de estar preso dentro de um cap\u00edtulo de uma s\u00e9rie ...<br \/><div class=\"pt-cv-rmwrap\"><a href=\"https:\/\/contoseprosas.com.br\/?p=3587\" class=\"_self pt-cv-readmore btn btn-success\" target=\"_self\">Leia Mais<\/a><\/div><\/div>\n<div class=\"pt-cv-meta-fields\"><span class=\"entry-date\"> <time datetime=\"2024-05-25T15:55:46-03:00\">25 de maio de 2024<\/time><\/span><span> \/ <\/span><span class=\"terms\"> <a href='https:\/\/contoseprosas.com.br\/?cat=3' title='Autoral' class='pt-cv-tax-autoral'>Autoral<\/a>, <a href='https:\/\/contoseprosas.com.br\/?cat=7' title='Cr\u00f4nicas' class='pt-cv-tax-cronicas'>Cr\u00f4nicas<\/a>, <a href='https:\/\/contoseprosas.com.br\/?cat=44' title='Destaque' class='pt-cv-tax-destaque'>Destaque<\/a><\/span><\/div><\/div><\/div>\n<div class=\"col-md-6 col-sm-6 col-xs-12 pt-cv-content-item pt-cv-1-col\" ><div class='pt-cv-ifield'><a href=\"https:\/\/contoseprosas.com.br\/?p=3167\" class=\"_self pt-cv-href-thumbnail pt-cv-thumb-default\" target=\"_self\" ><img loading=\"lazy\" decoding=\"async\" width=\"300\" height=\"199\" src=\"https:\/\/contoseprosas.com.br\/wp-content\/uploads\/2022\/09\/04-300x199.jpg\" class=\"pt-cv-thumbnail\" alt=\"\" srcset=\"https:\/\/contoseprosas.com.br\/wp-content\/uploads\/2022\/09\/04-300x199.jpg 300w, https:\/\/contoseprosas.com.br\/wp-content\/uploads\/2022\/09\/04-1024x680.jpg 1024w, https:\/\/contoseprosas.com.br\/wp-content\/uploads\/2022\/09\/04-768x510.jpg 768w, https:\/\/contoseprosas.com.br\/wp-content\/uploads\/2022\/09\/04.jpg 1280w\" sizes=\"auto, (max-width: 300px) 100vw, 300px\" \/><\/a>\n<h4 class=\"pt-cv-title\"><a href=\"https:\/\/contoseprosas.com.br\/?p=3167\" class=\"_self\" target=\"_self\" >Ser de esquerda<\/a><\/h4>\n<div class=\"pt-cv-content\">Eu sou uma pessoa de esquerda, nem sempre fui, mas desde que entendi o que \u00e9 ser de esquerda, nunca ...<br \/><div class=\"pt-cv-rmwrap\"><a href=\"https:\/\/contoseprosas.com.br\/?p=3167\" class=\"_self pt-cv-readmore btn btn-success\" target=\"_self\">Leia Mais<\/a><\/div><\/div>\n<div class=\"pt-cv-meta-fields\"><span class=\"entry-date\"> <time datetime=\"2022-09-29T10:28:47-03:00\">29 de setembro de 2022<\/time><\/span><span> \/ <\/span><span class=\"terms\"> <a href='https:\/\/contoseprosas.com.br\/?cat=3' title='Autoral' class='pt-cv-tax-autoral'>Autoral<\/a>, <a href='https:\/\/contoseprosas.com.br\/?tag=critica' title='Cr\u00edtica' class='pt-cv-tax-critica'>Cr\u00edtica<\/a>, <a href='https:\/\/contoseprosas.com.br\/?tag=critica-social' title='Cr\u00edtica Social' class='pt-cv-tax-critica-social'>Cr\u00edtica Social<\/a>, <a href='https:\/\/contoseprosas.com.br\/?cat=7' title='Cr\u00f4nicas' class='pt-cv-tax-cronicas'>Cr\u00f4nicas<\/a>, <a href='https:\/\/contoseprosas.com.br\/?cat=44' title='Destaque' class='pt-cv-tax-destaque'>Destaque<\/a>, <a href='https:\/\/contoseprosas.com.br\/?tag=politica' title='Pol\u00edtica' class='pt-cv-tax-politica'>Pol\u00edtica<\/a>, <a href='https:\/\/contoseprosas.com.br\/?tag=reflexoes' title='Reflex\u00f5es' class='pt-cv-tax-reflexoes'>Reflex\u00f5es<\/a><\/span><\/div><\/div><\/div><\/div><\/div><\/div><br \/>\n<a href=\"https:\/\/contoseprosas.com.br\/?page_id=7\"><br \/>\nVer todas publica\u00e7\u00f5es<br \/>\n<\/a><br \/>\n<img loading=\"lazy\" decoding=\"async\" src=\"https:\/\/contoseprosas.com.br\/wp-content\/uploads\/2018\/11\/quote-1.png\" alt=\"\" width=\"200\" height=\"154\" \/><\/p>\n<style>\/*! elementor - v3.14.0 - 26-06-2023 *\/<br \/>\n.elementor-testimonial-wrapper{overflow:hidden;text-align:center}.elementor-testimonial-wrapper .elementor-testimonial-content{font-size:1.3em;margin-bottom:20px}.elementor-testimonial-wrapper .elementor-testimonial-name{line-height:1.5;display:block}.elementor-testimonial-wrapper .elementor-testimonial-job{font-size:.85em;display:block}.elementor-testimonial-wrapper .elementor-testimonial-meta{width:100%;line-height:1}.elementor-testimonial-wrapper .elementor-testimonial-meta-inner{display:inline-block}.elementor-testimonial-wrapper .elementor-testimonial-meta .elementor-testimonial-details,.elementor-testimonial-wrapper .elementor-testimonial-meta .elementor-testimonial-image{display:table-cell;vertical-align:middle}.elementor-testimonial-wrapper .elementor-testimonial-meta .elementor-testimonial-image img{width:60px;height:60px;border-radius:50%;-o-object-fit:cover;object-fit:cover;max-width:none}.elementor-testimonial-wrapper .elementor-testimonial-meta.elementor-testimonial-image-position-aside .elementor-testimonial-image{padding-right:15px}.elementor-testimonial-wrapper .elementor-testimonial-meta.elementor-testimonial-image-position-aside .elementor-testimonial-details{text-align:left}.elementor-testimonial-wrapper .elementor-testimonial-meta.elementor-testimonial-image-position-top .elementor-testimonial-details,.elementor-testimonial-wrapper .elementor-testimonial-meta.elementor-testimonial-image-position-top .elementor-testimonial-image{display:block}.elementor-testimonial-wrapper .elementor-testimonial-meta.elementor-testimonial-image-position-top .elementor-testimonial-image{margin-bottom:20px}<\/style>\n<h5>&#8220;\u00c9 fundamental diminuir a dist\u00e2ncia entre o que se diz e o que se faz, de tal forma que, num dado momento, a tua fala seja a tua pr\u00e1tica.&#8221;<br \/>\n&#8211; Paulo Freire<\/h5>\n","protected":false},"excerpt":{"rendered":"<p>Bem vindo ao Contos e Prosas, um espa\u00e7o dedicado ao livre pensamento, com cr\u00edticas cotidianas e reflex\u00f5es das mais diversas, passando por pol\u00edtica, religi\u00e3o, costumes, entre outros. Aqui falamos do que temos vontade de falar, sem tabus, sem moralismos, sem amarras de qualquer esp\u00e9cie. Parafraseando Nelson Rodrigues, aqui falamos da vida como ela \u00e9! PUBLICA\u00c7\u00d5ES [&hellip;]<\/p>\n","protected":false},"author":1,"featured_media":0,"parent":0,"menu_order":0,"comment_status":"closed","ping_status":"closed","template":"","meta":{"footnotes":""},"class_list":["post-4","page","type-page","status-publish","hentry"],"_links":{"self":[{"href":"https:\/\/contoseprosas.com.br\/index.php?rest_route=\/wp\/v2\/pages\/4","targetHints":{"allow":["GET"]}}],"collection":[{"href":"https:\/\/contoseprosas.com.br\/index.php?rest_route=\/wp\/v2\/pages"}],"about":[{"href":"https:\/\/contoseprosas.com.br\/index.php?rest_route=\/wp\/v2\/types\/page"}],"author":[{"embeddable":true,"href":"https:\/\/contoseprosas.com.br\/index.php?rest_route=\/wp\/v2\/users\/1"}],"replies":[{"embeddable":true,"href":"https:\/\/contoseprosas.com.br\/index.php?rest_route=%2Fwp%2Fv2%2Fcomments&post=4"}],"version-history":[{"count":74,"href":"https:\/\/contoseprosas.com.br\/index.php?rest_route=\/wp\/v2\/pages\/4\/revisions"}],"predecessor-version":[{"id":3619,"href":"https:\/\/contoseprosas.com.br\/index.php?rest_route=\/wp\/v2\/pages\/4\/revisions\/3619"}],"wp:attachment":[{"href":"https:\/\/contoseprosas.com.br\/index.php?rest_route=%2Fwp%2Fv2%2Fmedia&parent=4"}],"curies":[{"name":"wp","href":"https:\/\/api.w.org\/{rel}","templated":true}]}}